{"id":1510,"date":"2025-06-06T21:21:37","date_gmt":"2025-06-06T21:21:37","guid":{"rendered":"https:\/\/destination-management.co\/program-zero-deseuri-alimentare-pentru-hoteluri-restaurante\/"},"modified":"2025-06-15T18:16:12","modified_gmt":"2025-06-15T18:16:12","slug":"program-zero-deseuri-alimentare-pentru-hoteluri-restaurante","status":"publish","type":"page","link":"https:\/\/destination-management.co\/ro\/program-zero-deseuri-alimentare-pentru-hoteluri-restaurante\/","title":{"rendered":"Program Zero de\u0219euri alimentare pentru hoteluri &#8211; restaurante"},"content":{"rendered":"\t\t<div data-elementor-type=\"wp-page\" data-elementor-id=\"1510\" class=\"elementor elementor-1510 elementor-863\">\n\t\t\t\t\t\t<section class=\"elementor-section elementor-top-section elementor-element elementor-element-edb7377 elementor-section-boxed elementor-section-height-default elementor-section-height-default\" data-id=\"edb7377\" data-element_type=\"section\" data-e-type=\"section\" data-settings=\"{&quot;jet_parallax_layout_list&quot;:[{&quot;jet_parallax_layout_image&quot;:{&quot;url&quot;:&quot;&quot;,&quot;id&quot;:&quot;&quot;,&quot;size&quot;:&quot;&quot;},&quot;_id&quot;:&quot;27d8f91&quot;,&quot;jet_parallax_layout_speed&quot;:{&quot;unit&quot;:&quot;%&quot;,&quot;size&quot;:&quot;50&quot;,&quot;sizes&quot;:[]},&quot;jet_parallax_layout_bg_x&quot;:&quot;50&quot;,&quot;jet_parallax_layout_bg_y&quot;:&quot;50&quot;,&quot;jet_parallax_layout_image_tablet&quot;:{&quot;url&quot;:&quot;&quot;,&quot;id&quot;:&quot;&quot;,&quot;size&quot;:&quot;&quot;},&quot;jet_parallax_layout_image_mobile&quot;:{&quot;url&quot;:&quot;&quot;,&quot;id&quot;:&quot;&quot;,&quot;size&quot;:&quot;&quot;},&quot;jet_parallax_layout_type&quot;:&quot;scroll&quot;,&quot;jet_parallax_layout_direction&quot;:&quot;1&quot;,&quot;jet_parallax_layout_fx_direction&quot;:null,&quot;jet_parallax_layout_z_index&quot;:&quot;&quot;,&quot;jet_parallax_layout_bg_x_tablet&quot;:&quot;&quot;,&quot;jet_parallax_layout_bg_x_mobile&quot;:&quot;&quot;,&quot;jet_parallax_layout_bg_y_tablet&quot;:&quot;&quot;,&quot;jet_parallax_layout_bg_y_mobile&quot;:&quot;&quot;,&quot;jet_parallax_layout_bg_size&quot;:&quot;auto&quot;,&quot;jet_parallax_layout_bg_size_tablet&quot;:&quot;&quot;,&quot;jet_parallax_layout_bg_size_mobile&quot;:&quot;&quot;,&quot;jet_parallax_layout_animation_prop&quot;:&quot;transform&quot;,&quot;jet_parallax_layout_on&quot;:[&quot;desktop&quot;,&quot;tablet&quot;]}],&quot;background_background&quot;:&quot;classic&quot;}\">\n\t\t\t\t\t\t\t<div class=\"elementor-background-overlay\"><\/div>\n\t\t\t\t\t\t\t<div class=\"elementor-container elementor-column-gap-no\">\n\t\t\t\t\t<div class=\"elementor-column elementor-col-100 elementor-top-column elementor-element elementor-element-d35a870\" data-id=\"d35a870\" data-element_type=\"column\" data-e-type=\"column\">\n\t\t\t<div class=\"elementor-widget-wrap elementor-element-populated\">\n\t\t\t\t\t\t<div class=\"elementor-element elementor-element-3f34d04 elementor-widget elementor-widget-heading\" data-id=\"3f34d04\" data-element_type=\"widget\" data-e-type=\"widget\" data-widget_type=\"heading.default\">\n\t\t\t\t<div class=\"elementor-widget-container\">\n\t\t\t\t\t<h1 class=\"elementor-heading-title elementor-size-default\">Program Zero de\u0219euri alimentare pentru hoteluri - restaurante<\/h1>\t\t\t\t<\/div>\n\t\t\t\t<\/div>\n\t\t\t\t\t<\/div>\n\t\t<\/div>\n\t\t\t\t\t<\/div>\n\t\t<\/section>\n\t\t\t\t<section class=\"elementor-section elementor-top-section elementor-element elementor-element-5d0fe48b elementor-section-boxed elementor-section-height-default elementor-section-height-default\" data-id=\"5d0fe48b\" data-element_type=\"section\" data-e-type=\"section\" data-settings=\"{&quot;jet_parallax_layout_list&quot;:[{&quot;jet_parallax_layout_image&quot;:{&quot;url&quot;:&quot;&quot;,&quot;id&quot;:&quot;&quot;,&quot;size&quot;:&quot;&quot;},&quot;_id&quot;:&quot;3ce7826&quot;,&quot;jet_parallax_layout_speed&quot;:{&quot;unit&quot;:&quot;%&quot;,&quot;size&quot;:&quot;50&quot;,&quot;sizes&quot;:[]},&quot;jet_parallax_layout_bg_x&quot;:&quot;50&quot;,&quot;jet_parallax_layout_bg_y&quot;:&quot;50&quot;,&quot;jet_parallax_layout_image_tablet&quot;:{&quot;url&quot;:&quot;&quot;,&quot;id&quot;:&quot;&quot;,&quot;size&quot;:&quot;&quot;},&quot;jet_parallax_layout_image_mobile&quot;:{&quot;url&quot;:&quot;&quot;,&quot;id&quot;:&quot;&quot;,&quot;size&quot;:&quot;&quot;},&quot;jet_parallax_layout_type&quot;:&quot;scroll&quot;,&quot;jet_parallax_layout_direction&quot;:&quot;1&quot;,&quot;jet_parallax_layout_fx_direction&quot;:null,&quot;jet_parallax_layout_z_index&quot;:&quot;&quot;,&quot;jet_parallax_layout_bg_x_tablet&quot;:&quot;&quot;,&quot;jet_parallax_layout_bg_x_mobile&quot;:&quot;&quot;,&quot;jet_parallax_layout_bg_y_tablet&quot;:&quot;&quot;,&quot;jet_parallax_layout_bg_y_mobile&quot;:&quot;&quot;,&quot;jet_parallax_layout_bg_size&quot;:&quot;auto&quot;,&quot;jet_parallax_layout_bg_size_tablet&quot;:&quot;&quot;,&quot;jet_parallax_layout_bg_size_mobile&quot;:&quot;&quot;,&quot;jet_parallax_layout_animation_prop&quot;:&quot;transform&quot;,&quot;jet_parallax_layout_on&quot;:[&quot;desktop&quot;,&quot;tablet&quot;]}]}\">\n\t\t\t\t\t\t<div class=\"elementor-container elementor-column-gap-no\">\n\t\t\t\t\t<div class=\"elementor-column elementor-col-100 elementor-top-column elementor-element elementor-element-1e4b8125\" data-id=\"1e4b8125\" data-element_type=\"column\" data-e-type=\"column\">\n\t\t\t<div class=\"elementor-widget-wrap elementor-element-populated\">\n\t\t\t\t\t\t<div class=\"elementor-element elementor-element-1413b52a elementor-widget elementor-widget-text-editor\" data-id=\"1413b52a\" data-element_type=\"widget\" data-e-type=\"widget\" data-widget_type=\"text-editor.default\">\n\t\t\t\t<div class=\"elementor-widget-container\">\n\t\t\t\t\t\t\t\t\t<p>Proiectul, \u00eentr-un hotel de 5 stele, r\u0103spunde nevoii urgente de practici durabile \u00een sectorul ospitalit\u0103\u021bii. Acesta utilizeaz\u0103 inteligen\u021ba artificial\u0103 pentru a reduce risipa alimentar\u0103, a optimiza gestionarea stocurilor \u0219i a reduce emisiile de carbon. Prin integrarea datelor privind preferin\u021bele clien\u021bilor cu sistemele de monitorizare a de\u0219eurilor \u0219i a stocurilor, instrumentul HGC ofer\u0103 informa\u021bii utile pentru \u00eembun\u0103t\u0103\u021birea eficien\u021bei \u0219i a sustenabilit\u0103\u021bii.<\/p><p>\u00cen plus, certificarea pentru adoptarea de practici \u0219i politici ecologice este o inova\u021bie \u00een contextul turismului durabil.<\/p><p>Inova\u021bia const\u0103 \u00een combinarea analizei datelor cu inteligen\u021ba artificial\u0103 \u0219i un accent pe practicile ecologice adaptate \u00eentreprinderilor mici \u0219i mijlocii (IMM-uri) din sectorul ospitalit\u0103\u021bii. Aceast\u0103 abordare asigur\u0103 solu\u021bii practice \u0219i scalabile pentru a reduce amprenta asupra mediului, men\u021bin\u00e2nd \u00een acela\u0219i timp standardele serviciilor de lux.<\/p>\t\t\t\t\t\t\t\t<\/div>\n\t\t\t\t<\/div>\n\t\t\t\t<div class=\"elementor-element elementor-element-5e53a9b5 elementor-widget elementor-widget-raven-image\" data-id=\"5e53a9b5\" data-element_type=\"widget\" data-e-type=\"widget\" data-widget_type=\"raven-image.default\">\n\t\t\t\t<div class=\"elementor-widget-container\">\n\t\t\t\t\t\t\t<div class=\"raven-image\">\n\t\t\n\t\t\n\t\t<img fetchpriority=\"high\" decoding=\"async\" width=\"1920\" height=\"1282\" src=\"https:\/\/destination-management.co\/wp-content\/uploads\/2025\/06\/park-4337477_1920.jpg\" class=\"attachment-full size-full wp-image-1359\" alt=\"\" srcset=\"https:\/\/destination-management.co\/wp-content\/uploads\/2025\/06\/park-4337477_1920.jpg 1920w, https:\/\/destination-management.co\/wp-content\/uploads\/2025\/06\/park-4337477_1920-300x200.jpg 300w, https:\/\/destination-management.co\/wp-content\/uploads\/2025\/06\/park-4337477_1920-1024x684.jpg 1024w, https:\/\/destination-management.co\/wp-content\/uploads\/2025\/06\/park-4337477_1920-768x513.jpg 768w, https:\/\/destination-management.co\/wp-content\/uploads\/2025\/06\/park-4337477_1920-1536x1026.jpg 1536w\" sizes=\"(max-width: 1920px) 100vw, 1920px\" \/>\t\t<\/div>\n\t\t\t\t\t\t<\/div>\n\t\t\t\t<\/div>\n\t\t\t\t<div class=\"elementor-element elementor-element-26c413db elementor-widget elementor-widget-heading\" data-id=\"26c413db\" data-element_type=\"widget\" data-e-type=\"widget\" data-widget_type=\"heading.default\">\n\t\t\t\t<div class=\"elementor-widget-container\">\n\t\t\t\t\t<h3 class=\"elementor-heading-title elementor-size-default\">Proiectul r\u0103spunde la trei nevoi principale:<\/h3>\t\t\t\t<\/div>\n\t\t\t\t<\/div>\n\t\t\t\t<div class=\"elementor-element elementor-element-30e6f3c elementor-widget elementor-widget-text-editor\" data-id=\"30e6f3c\" data-element_type=\"widget\" data-e-type=\"widget\" data-widget_type=\"text-editor.default\">\n\t\t\t\t<div class=\"elementor-widget-container\">\n\t\t\t\t\t\t\t\t\t<p>1. Reducerea amprentei de mediu &amp; Circularitate: Prin monitorizarea de\u0219eurilor alimentare \u0219i a emisiilor de carbon, sistemul permite luarea de decizii bazate pe date, \u00een conformitate cu principiile economiei circulare \u0219i cu obiectivele de durabilitate. De asemenea, contribuie la ciclicitate prin calcularea factorilor de biodegradare \u0219i poluare asocia\u021bi cu fiecare specie aruncat\u0103.<\/p>\t\t\t\t\t\t\t\t<\/div>\n\t\t\t\t<\/div>\n\t\t\t\t<div class=\"elementor-element elementor-element-798e223 elementor-widget elementor-widget-text-editor\" data-id=\"798e223\" data-element_type=\"widget\" data-e-type=\"widget\" data-widget_type=\"text-editor.default\">\n\t\t\t\t<div class=\"elementor-widget-container\">\n\t\t\t\t\t\t\t\t\t<p>2. Responsabilizarea personalului \u0219i a clien\u021bilor: Programele cuprinz\u0103toare de formare ofer\u0103 personalului competen\u021be ecologice \u0219i digitale, permi\u021b\u00e2ndu-le s\u0103 promoveze practicile durabile \u00een r\u00e2ndul clien\u021bilor, sporind gradul de con\u0219tientizare \u0219i de participare.<\/p>\t\t\t\t\t\t\t\t<\/div>\n\t\t\t\t<\/div>\n\t\t\t\t<div class=\"elementor-element elementor-element-bdf73d6 elementor-widget elementor-widget-text-editor\" data-id=\"bdf73d6\" data-element_type=\"widget\" data-e-type=\"widget\" data-widget_type=\"text-editor.default\">\n\t\t\t\t<div class=\"elementor-widget-container\">\n\t\t\t\t\t\t\t\t\t<p>3. Promovarea transform\u0103rii duble: HGC sprijin\u0103 at\u00e2t transformarea ecologic\u0103, c\u00e2t \u0219i cea digital\u0103, printr-o combina\u021bie de tehnologii avansate de inteligen\u021b\u0103 artificial\u0103 \u0219i strategii ecologice.<\/p>\t\t\t\t\t\t\t\t<\/div>\n\t\t\t\t<\/div>\n\t\t\t\t<div class=\"elementor-element elementor-element-e3fefcf elementor-widget elementor-widget-text-editor\" data-id=\"e3fefcf\" data-element_type=\"widget\" data-e-type=\"widget\" data-widget_type=\"text-editor.default\">\n\t\t\t\t<div class=\"elementor-widget-container\">\n\t\t\t\t\t\t\t\t\t<p>Sustenabilitate: Prin cererea de certificare a adopt\u0103rii de practici \u0219i politici ecologice. Originalitatea const\u0103 \u00een adaptarea tehnologiilor avansate la provoc\u0103rile specifice ale \u00eentreprinderilor turistice mici \u0219i \u00eendep\u0103rtate, cum ar fi Varos Hotel, cre\u00e2nd un model care poate fi reprodus \u0219i eficient \u00een contexte similare din Europa.<\/p><p>Solu\u021biile sunt inovatoare pentru hotel, deoarece instrumentul AI serve\u0219te tranzi\u021biei ecologice \u0219i sustenabilit\u0103\u021bii. Inova\u021bia const\u0103 \u00een instrumentele sistemului: GESTIONAREA DATELOR &#8211; MONITORIZAREA DURABILIT\u0102\u021aII.<\/p><p>Prin integrarea inteligen\u021bei artificiale, hotelul ob\u021bine DATE REALE privind preferin\u021bele clien\u021bilor, GESTIONAREA RESURSELOR prin etichetarea produselor, ambalare, origine, GESTIONAREA FURNIZORILOR cu lista detaliat\u0103 \u0219i informa\u021bii privind zonele de depozitare, tipul de transport, timpul de livrare, MONITORIZAREA DURABILIT\u0102\u021aII prin ajustarea biodegrad\u0103rii \u0219i a factorilor de poluare a mediului \u0219i MONITORIZAREA DE\u0218EURILOR prin c\u00e2nt\u0103rirea farfuriilor de m\u00e2ncare. Pe baza acestor date, AI calculeaz\u0103 cantit\u0103\u021bile reale care trebuie comandate \u0219i risipa de alimente preconizat\u0103.<\/p><p>Proiectul introduce instrumente digitale inovatoare \u00een hotel, revolu\u021bion\u00e2nd procesele sale opera\u021bionale \u0219i \u00eembun\u0103t\u0103\u021bind \u00een mod semnificativ eforturile sale de sustenabilitate. Aceast\u0103 inova\u021bie este unic\u0103 deoarece nu numai c\u0103 reduce de\u0219eurile, dar \u0219i adapteaz\u0103 serviciile la preferin\u021bele clien\u021bilor, \u00eembun\u0103t\u0103\u021bind satisfac\u021bia vizitatorilor \u0219i reduc\u00e2nd \u00een acela\u0219i timp impactul asupra mediului.<\/p><p>Solu\u021bia abordeaz\u0103 principalele provoc\u0103ri din sectorul g\u0103zduirii media: <strong><u>Reducerea de\u0219eurilor, achizi\u021biile durabile \u0219i optimizarea stocurilor.<\/u><\/strong><\/p><p>\u00cen plus, certificarea ecologic\u0103 ajut\u0103 hotelul s\u0103 adopte practici durabile, s\u0103 contribuie la economia circular\u0103, s\u0103 implice comunitatea local\u0103 \u0219i s\u0103 \u00ee\u0219i consolideze profilul de pionier \u00een turismul ecologic.<\/p><p>Pe scurt, adoptarea acestui sistem bazat pe inteligen\u021b\u0103 artificial\u0103 ofer\u0103 beneficii imediate, cum ar fi reducerea costurilor, \u00eembun\u0103t\u0103\u021birea serviciilor pentru clien\u021bi \u0219i cre\u0219terea angajamentului fa\u021b\u0103 de durabilitate. Aceasta permite hotelului s\u0103 r\u0103spund\u0103 cererii clien\u021bilor pentru practici ecologice, \u00eembun\u0103t\u0103\u021bind eficien\u021ba intern\u0103 \u0219i asigur\u00e2nd o reducere pe termen lung a impactului asupra mediului.<\/p>\t\t\t\t\t\t\t\t<\/div>\n\t\t\t\t<\/div>\n\t\t\t\t<div class=\"elementor-element elementor-element-458c66f elementor-widget elementor-widget-text-editor\" data-id=\"458c66f\" data-element_type=\"widget\" data-e-type=\"widget\" data-widget_type=\"text-editor.default\">\n\t\t\t\t<div class=\"elementor-widget-container\">\n\t\t\t\t\t\t\t\t\t<p><strong>Note<\/strong>: Destination-Management.co \u00ee\u0219i rezerv\u0103 toate drepturile asupra acestei propuneri, care a fost prezentat\u0103 \u0219i premiat\u0103 la <strong>FU<\/strong> <strong>Tourisme<\/strong> <strong>Project<\/strong><strong> 2024<\/strong>.<\/p>\t\t\t\t\t\t\t\t<\/div>\n\t\t\t\t<\/div>\n\t\t\t\t\t<\/div>\n\t\t<\/div>\n\t\t\t\t\t<\/div>\n\t\t<\/section>\n\t\t\t\t<section class=\"elementor-section elementor-top-section elementor-element elementor-element-7a139fe5 elementor-section-height-min-height elementor-section-boxed elementor-section-height-default elementor-section-items-middle\" data-id=\"7a139fe5\" data-element_type=\"section\" data-e-type=\"section\" data-settings=\"{&quot;jet_parallax_layout_list&quot;:[{&quot;jet_parallax_layout_image&quot;:{&quot;url&quot;:&quot;&quot;,&quot;id&quot;:&quot;&quot;,&quot;size&quot;:&quot;&quot;},&quot;_id&quot;:&quot;2b90bfb&quot;,&quot;jet_parallax_layout_speed&quot;:{&quot;unit&quot;:&quot;%&quot;,&quot;size&quot;:&quot;50&quot;,&quot;sizes&quot;:[]},&quot;jet_parallax_layout_bg_x&quot;:&quot;50&quot;,&quot;jet_parallax_layout_bg_y&quot;:&quot;50&quot;,&quot;jet_parallax_layout_image_tablet&quot;:{&quot;url&quot;:&quot;&quot;,&quot;id&quot;:&quot;&quot;,&quot;size&quot;:&quot;&quot;},&quot;jet_parallax_layout_image_mobile&quot;:{&quot;url&quot;:&quot;&quot;,&quot;id&quot;:&quot;&quot;,&quot;size&quot;:&quot;&quot;},&quot;jet_parallax_layout_type&quot;:&quot;scroll&quot;,&quot;jet_parallax_layout_direction&quot;:&quot;1&quot;,&quot;jet_parallax_layout_fx_direction&quot;:null,&quot;jet_parallax_layout_z_index&quot;:&quot;&quot;,&quot;jet_parallax_layout_bg_x_tablet&quot;:&quot;&quot;,&quot;jet_parallax_layout_bg_x_mobile&quot;:&quot;&quot;,&quot;jet_parallax_layout_bg_y_tablet&quot;:&quot;&quot;,&quot;jet_parallax_layout_bg_y_mobile&quot;:&quot;&quot;,&quot;jet_parallax_layout_bg_size&quot;:&quot;auto&quot;,&quot;jet_parallax_layout_bg_size_tablet&quot;:&quot;&quot;,&quot;jet_parallax_layout_bg_size_mobile&quot;:&quot;&quot;,&quot;jet_parallax_layout_animation_prop&quot;:&quot;transform&quot;,&quot;jet_parallax_layout_on&quot;:[&quot;desktop&quot;,&quot;tablet&quot;]}],&quot;background_background&quot;:&quot;classic&quot;}\">\n\t\t\t\t\t\t<div class=\"elementor-container elementor-column-gap-no\">\n\t\t\t\t\t<div class=\"elementor-column elementor-col-100 elementor-top-column elementor-element elementor-element-4f0dd23b\" data-id=\"4f0dd23b\" data-element_type=\"column\" data-e-type=\"column\">\n\t\t\t<div class=\"elementor-widget-wrap\">\n\t\t\t\t\t\t\t<\/div>\n\t\t<\/div>\n\t\t\t\t\t<\/div>\n\t\t<\/section>\n\t\t\t\t<\/div>\n\t\t","protected":false},"excerpt":{"rendered":"<p>Program Zero de\u0219euri alimentare pentru hoteluri &#8211; restaurante Proiectul, \u00eentr-un hotel de 5 stele, r\u0103spunde nevoii urgente de practici durabile \u00een sectorul ospitalit\u0103\u021bii. Acesta utilizeaz\u0103 inteligen\u021ba artificial\u0103 pentru a reduce risipa alimentar\u0103, a optimiza gestionarea stocurilor \u0219i a reduce emisiile de carbon. Prin integrarea datelor privind preferin\u021bele clien\u021bilor cu sistemele de monitorizare a de\u0219eurilor \u0219i [&hellip;]<\/p>\n","protected":false},"author":1,"featured_media":1357,"parent":0,"menu_order":0,"comment_status":"closed","ping_status":"closed","template":"elementor_header_footer","meta":{"_acf_changed":false,"footnotes":""},"class_list":["post-1510","page","type-page","status-publish","has-post-thumbnail","hentry"],"acf":[],"_links":{"self":[{"href":"https:\/\/destination-management.co\/ro\/wp-json\/wp\/v2\/pages\/1510","targetHints":{"allow":["GET"]}}],"collection":[{"href":"https:\/\/destination-management.co\/ro\/wp-json\/wp\/v2\/pages"}],"about":[{"href":"https:\/\/destination-management.co\/ro\/wp-json\/wp\/v2\/types\/page"}],"author":[{"embeddable":true,"href":"https:\/\/destination-management.co\/ro\/wp-json\/wp\/v2\/users\/1"}],"replies":[{"embeddable":true,"href":"https:\/\/destination-management.co\/ro\/wp-json\/wp\/v2\/comments?post=1510"}],"version-history":[{"count":0,"href":"https:\/\/destination-management.co\/ro\/wp-json\/wp\/v2\/pages\/1510\/revisions"}],"wp:featuredmedia":[{"embeddable":true,"href":"https:\/\/destination-management.co\/ro\/wp-json\/wp\/v2\/media\/1357"}],"wp:attachment":[{"href":"https:\/\/destination-management.co\/ro\/wp-json\/wp\/v2\/media?parent=1510"}],"curies":[{"name":"wp","href":"https:\/\/api.w.org\/{rel}","templated":true}]}}