{"id":2117,"date":"2025-11-06T17:56:43","date_gmt":"2025-11-06T17:56:43","guid":{"rendered":"https:\/\/destination-management.co\/seminar-de-formare-a-profesionistilor-din-turism\/"},"modified":"2025-11-06T18:40:44","modified_gmt":"2025-11-06T18:40:44","slug":"seminar-de-formare-a-profesionistilor-din-turism","status":"publish","type":"page","link":"https:\/\/destination-management.co\/ro\/seminar-de-formare-a-profesionistilor-din-turism\/","title":{"rendered":"Seminar de formare a profesioni\u0219tilor din turism"},"content":{"rendered":"\t\t<div data-elementor-type=\"wp-page\" data-elementor-id=\"2117\" class=\"elementor elementor-2117 elementor-2068\">\n\t\t\t\t\t\t<section class=\"elementor-section elementor-top-section elementor-element elementor-element-edb7377 elementor-section-boxed elementor-section-height-default elementor-section-height-default\" data-id=\"edb7377\" data-element_type=\"section\" data-e-type=\"section\" data-settings=\"{&quot;jet_parallax_layout_list&quot;:[{&quot;jet_parallax_layout_image&quot;:{&quot;url&quot;:&quot;&quot;,&quot;id&quot;:&quot;&quot;,&quot;size&quot;:&quot;&quot;},&quot;_id&quot;:&quot;27d8f91&quot;,&quot;jet_parallax_layout_speed&quot;:{&quot;unit&quot;:&quot;%&quot;,&quot;size&quot;:&quot;50&quot;,&quot;sizes&quot;:[]},&quot;jet_parallax_layout_bg_x&quot;:&quot;50&quot;,&quot;jet_parallax_layout_bg_y&quot;:&quot;50&quot;,&quot;jet_parallax_layout_image_tablet&quot;:{&quot;url&quot;:&quot;&quot;,&quot;id&quot;:&quot;&quot;,&quot;size&quot;:&quot;&quot;},&quot;jet_parallax_layout_image_mobile&quot;:{&quot;url&quot;:&quot;&quot;,&quot;id&quot;:&quot;&quot;,&quot;size&quot;:&quot;&quot;},&quot;jet_parallax_layout_type&quot;:&quot;scroll&quot;,&quot;jet_parallax_layout_direction&quot;:&quot;1&quot;,&quot;jet_parallax_layout_fx_direction&quot;:null,&quot;jet_parallax_layout_z_index&quot;:&quot;&quot;,&quot;jet_parallax_layout_bg_x_tablet&quot;:&quot;&quot;,&quot;jet_parallax_layout_bg_x_mobile&quot;:&quot;&quot;,&quot;jet_parallax_layout_bg_y_tablet&quot;:&quot;&quot;,&quot;jet_parallax_layout_bg_y_mobile&quot;:&quot;&quot;,&quot;jet_parallax_layout_bg_size&quot;:&quot;auto&quot;,&quot;jet_parallax_layout_bg_size_tablet&quot;:&quot;&quot;,&quot;jet_parallax_layout_bg_size_mobile&quot;:&quot;&quot;,&quot;jet_parallax_layout_animation_prop&quot;:&quot;transform&quot;,&quot;jet_parallax_layout_on&quot;:[&quot;desktop&quot;,&quot;tablet&quot;]}],&quot;background_background&quot;:&quot;classic&quot;}\">\n\t\t\t\t\t\t\t<div class=\"elementor-background-overlay\"><\/div>\n\t\t\t\t\t\t\t<div class=\"elementor-container elementor-column-gap-no\">\n\t\t\t\t\t<div class=\"elementor-column elementor-col-100 elementor-top-column elementor-element elementor-element-d35a870\" data-id=\"d35a870\" data-element_type=\"column\" data-e-type=\"column\">\n\t\t\t<div class=\"elementor-widget-wrap elementor-element-populated\">\n\t\t\t\t\t\t<div class=\"elementor-element elementor-element-3f34d04 elementor-widget elementor-widget-heading\" data-id=\"3f34d04\" data-element_type=\"widget\" data-e-type=\"widget\" data-widget_type=\"heading.default\">\n\t\t\t\t<div class=\"elementor-widget-container\">\n\t\t\t\t\t<h1 class=\"elementor-heading-title elementor-size-default\">Seminar de formare a profesioni\u0219tilor din turism<\/h1>\t\t\t\t<\/div>\n\t\t\t\t<\/div>\n\t\t\t\t\t<\/div>\n\t\t<\/div>\n\t\t\t\t\t<\/div>\n\t\t<\/section>\n\t\t\t\t<section class=\"elementor-section elementor-top-section elementor-element elementor-element-5d0fe48b elementor-section-boxed elementor-section-height-default elementor-section-height-default\" data-id=\"5d0fe48b\" data-element_type=\"section\" data-e-type=\"section\" data-settings=\"{&quot;jet_parallax_layout_list&quot;:[{&quot;jet_parallax_layout_image&quot;:{&quot;url&quot;:&quot;&quot;,&quot;id&quot;:&quot;&quot;,&quot;size&quot;:&quot;&quot;},&quot;_id&quot;:&quot;3ce7826&quot;,&quot;jet_parallax_layout_speed&quot;:{&quot;unit&quot;:&quot;%&quot;,&quot;size&quot;:&quot;50&quot;,&quot;sizes&quot;:[]},&quot;jet_parallax_layout_bg_x&quot;:&quot;50&quot;,&quot;jet_parallax_layout_bg_y&quot;:&quot;50&quot;,&quot;jet_parallax_layout_image_tablet&quot;:{&quot;url&quot;:&quot;&quot;,&quot;id&quot;:&quot;&quot;,&quot;size&quot;:&quot;&quot;},&quot;jet_parallax_layout_image_mobile&quot;:{&quot;url&quot;:&quot;&quot;,&quot;id&quot;:&quot;&quot;,&quot;size&quot;:&quot;&quot;},&quot;jet_parallax_layout_type&quot;:&quot;scroll&quot;,&quot;jet_parallax_layout_direction&quot;:&quot;1&quot;,&quot;jet_parallax_layout_fx_direction&quot;:null,&quot;jet_parallax_layout_z_index&quot;:&quot;&quot;,&quot;jet_parallax_layout_bg_x_tablet&quot;:&quot;&quot;,&quot;jet_parallax_layout_bg_x_mobile&quot;:&quot;&quot;,&quot;jet_parallax_layout_bg_y_tablet&quot;:&quot;&quot;,&quot;jet_parallax_layout_bg_y_mobile&quot;:&quot;&quot;,&quot;jet_parallax_layout_bg_size&quot;:&quot;auto&quot;,&quot;jet_parallax_layout_bg_size_tablet&quot;:&quot;&quot;,&quot;jet_parallax_layout_bg_size_mobile&quot;:&quot;&quot;,&quot;jet_parallax_layout_animation_prop&quot;:&quot;transform&quot;,&quot;jet_parallax_layout_on&quot;:[&quot;desktop&quot;,&quot;tablet&quot;]}]}\">\n\t\t\t\t\t\t<div class=\"elementor-container elementor-column-gap-no\">\n\t\t\t\t\t<div class=\"elementor-column elementor-col-100 elementor-top-column elementor-element elementor-element-1e4b8125\" data-id=\"1e4b8125\" data-element_type=\"column\" data-e-type=\"column\">\n\t\t\t<div class=\"elementor-widget-wrap elementor-element-populated\">\n\t\t\t\t\t\t<div class=\"elementor-element elementor-element-1fbb8e95 elementor-widget elementor-widget-heading\" data-id=\"1fbb8e95\" data-element_type=\"widget\" data-e-type=\"widget\" data-widget_type=\"heading.default\">\n\t\t\t\t<div class=\"elementor-widget-container\">\n\t\t\t\t\t<h3 class=\"elementor-heading-title elementor-size-default\">Rezumatul proiectului \u2013 Seminar de formare pentru profesioni\u0219tii din turism<\/h3>\t\t\t\t<\/div>\n\t\t\t\t<\/div>\n\t\t\t\t<div class=\"elementor-element elementor-element-ddd086e elementor-widget elementor-widget-heading\" data-id=\"ddd086e\" data-element_type=\"widget\" data-e-type=\"widget\" data-widget_type=\"heading.default\">\n\t\t\t\t<div class=\"elementor-widget-container\">\n\t\t\t\t\t<h3 class=\"elementor-heading-title elementor-size-default\">Titlu: \u201eManagementul modern al destina\u021biilor, oportunit\u0103\u021bi de afaceri \u0219i dezvoltare turistic\u0103 durabil\u0103\u201d<\/h3>\t\t\t\t<\/div>\n\t\t\t\t<\/div>\n\t\t\t\t<div class=\"elementor-element elementor-element-1413b52a elementor-widget elementor-widget-text-editor\" data-id=\"1413b52a\" data-element_type=\"widget\" data-e-type=\"widget\" data-widget_type=\"text-editor.default\">\n\t\t\t\t<div class=\"elementor-widget-container\">\n\t\t\t\t\t\t\t\t\t<p>Acest program cuprinz\u0103tor de formare, cu durata de 22-27 de ore, este conceput pentru profesioni\u0219tii din turism \u2014 inclusiv hotelieri, proprietari de spa\u021bii de cazare, agen\u021bi de turism, restauratori \u0219i furnizori de activit\u0103\u021bi \u2014 cu scopul de a-\u0219i consolida abilit\u0103\u021bile \u00een management, sustenabilitate \u0219i inovare \u00een afaceri.<\/p>\t\t\t\t\t\t\t\t<\/div>\n\t\t\t\t<\/div>\n\t\t\t\t<div class=\"elementor-element elementor-element-63cb710 elementor-widget elementor-widget-heading\" data-id=\"63cb710\" data-element_type=\"widget\" data-e-type=\"widget\" data-widget_type=\"heading.default\">\n\t\t\t\t<div class=\"elementor-widget-container\">\n\t\t\t\t\t<h3 class=\"elementor-heading-title elementor-size-default\">Scop \u0219i ra\u021biune<\/h3>\t\t\t\t<\/div>\n\t\t\t\t<\/div>\n\t\t\t\t<div class=\"elementor-element elementor-element-6c14e96 elementor-widget elementor-widget-text-editor\" data-id=\"6c14e96\" data-element_type=\"widget\" data-e-type=\"widget\" data-widget_type=\"text-editor.default\">\n\t\t\t\t<div class=\"elementor-widget-container\">\n\t\t\t\t\t\t\t\t\t<p>Industria turismului evolueaz\u0103 rapid, necesit\u00e2nd profesionalism, inova\u021bie \u0219i practici sustenabile. Acest seminar r\u0103spunde provoc\u0103rilor moderne, cum ar fi cre\u0219terea concuren\u021bei, transformarea digital\u0103 \u0219i cererea c\u0103l\u0103torilor pentru autenticitate \u0219i experien\u021be semnificative. Scopul s\u0103u este de a oferi instrumente practice \u0219i cuno\u0219tin\u021be strategice pentru a ajuta participan\u021bii s\u0103 \u00eembun\u0103t\u0103\u021beasc\u0103 calitatea, profitabilitatea \u0219i colaborarea \u00een cadrul destina\u021biei lor.    <\/p>\t\t\t\t\t\t\t\t<\/div>\n\t\t\t\t<\/div>\n\t\t\t\t<div class=\"elementor-element elementor-element-abf6c2f elementor-widget elementor-widget-raven-image\" data-id=\"abf6c2f\" data-element_type=\"widget\" data-e-type=\"widget\" data-widget_type=\"raven-image.default\">\n\t\t\t\t<div class=\"elementor-widget-container\">\n\t\t\t\t\t\t\t<div class=\"raven-image\">\n\t\t\n\t\t\n\t\t<img fetchpriority=\"high\" decoding=\"async\" width=\"1920\" height=\"1280\" src=\"https:\/\/destination-management.co\/wp-content\/uploads\/2025\/11\/laptop-3196481_1920.jpg\" class=\"attachment-full size-full wp-image-2115\" alt=\"\" srcset=\"https:\/\/destination-management.co\/wp-content\/uploads\/2025\/11\/laptop-3196481_1920.jpg 1920w, https:\/\/destination-management.co\/wp-content\/uploads\/2025\/11\/laptop-3196481_1920-300x200.jpg 300w, https:\/\/destination-management.co\/wp-content\/uploads\/2025\/11\/laptop-3196481_1920-1024x683.jpg 1024w, https:\/\/destination-management.co\/wp-content\/uploads\/2025\/11\/laptop-3196481_1920-768x512.jpg 768w, https:\/\/destination-management.co\/wp-content\/uploads\/2025\/11\/laptop-3196481_1920-1536x1024.jpg 1536w\" sizes=\"(max-width: 1920px) 100vw, 1920px\" \/>\t\t<\/div>\n\t\t\t\t\t\t<\/div>\n\t\t\t\t<\/div>\n\t\t\t\t<div class=\"elementor-element elementor-element-26c413db elementor-widget elementor-widget-heading\" data-id=\"26c413db\" data-element_type=\"widget\" data-e-type=\"widget\" data-widget_type=\"heading.default\">\n\t\t\t\t<div class=\"elementor-widget-container\">\n\t\t\t\t\t<h3 class=\"elementor-heading-title elementor-size-default\">Scop \u0219i ra\u021biune<\/h3>\t\t\t\t<\/div>\n\t\t\t\t<\/div>\n\t\t\t\t<div class=\"elementor-element elementor-element-27fe236 elementor-widget elementor-widget-text-editor\" data-id=\"27fe236\" data-element_type=\"widget\" data-e-type=\"widget\" data-widget_type=\"text-editor.default\">\n\t\t\t\t<div class=\"elementor-widget-container\">\n\t\t\t\t\t\t\t\t\t<p>Programul este organizat \u00een \u0219ase module cheie:<\/p><ol><li><strong>Pia\u021ba turismului modern:<\/strong> Tendin\u021be globale \u0219i locale, profiluri ale c\u0103l\u0103torilor \u0219i rolul profesionistului ca \u201ecreator de experien\u021be\u201d.<\/li><li><strong>Planificare financiar\u0103 pentru IMM-uri:<\/strong> Bugetare, strategii de stabilire a pre\u021burilor, gestionarea veniturilor (ADR, RevPAR), gestionarea fluxului de numerar \u0219i accesul la finan\u021bare \u0219i granturi.<\/li><li><strong>Oportunit\u0103\u021bi de afaceri \u00een turism:<\/strong> Dezvoltarea de produse turistice tematice, sinergii \u0219i clustere locale, idei inovatoare \u0219i exportul de experien\u021be online.<\/li><li><strong>Dezvoltare durabil\u0103 \u0219i turism verde:<\/strong> Implementarea unor practici ecologice, reducerea costurilor prin eficien\u021b\u0103 energetic\u0103, tendin\u021be ESG \u0219i implicarea oaspe\u021bilor \u00een sustenabilitate.<\/li><li><strong>Marketing turistic \u0219i instrumente digitale:<\/strong> Storytelling, utilizarea re\u021belelor sociale, gestionarea reputa\u021biei online, adaptarea la noile genera\u021bii de c\u0103l\u0103tori \u0219i utilizarea instrumentelor de inteligen\u021b\u0103 artificial\u0103.<\/li><li><strong>Atelier \u0219i studii de caz:<\/strong> Lucru \u00een grup pe concepte de afaceri sustenabile, exerci\u021bii de planificare financiar\u0103 \u0219i sesiuni de coaching personalizate.<\/li><\/ol><p><strong>Metodologie<\/strong><br \/>Seminarul folose\u0219te tehnici de \u00eenv\u0103\u021bare interactive, inclusiv studii de caz, ateliere, jocuri de rol, analiz\u0103 de date din via\u021ba real\u0103 \u0219i \u00eendrumare de specialitate, asigur\u00e2nd o experien\u021b\u0103 de \u00eenv\u0103\u021bare practic\u0103 \u0219i aplicat\u0103.<\/p><p><strong>Rezultate ale \u00eenv\u0103\u021b\u0103rii<\/strong><br \/>La finalizare, participan\u021bii vor putea:<\/p><ul><li>S\u0103 dezvolte planuri financiare \u0219i de sustenabilitate pentru afacerile lor.<\/li><li>Identificarea \u0219i valorificarea noilor oportunit\u0103\u021bi turistice.<\/li><li>Colabora\u021bi cu alte afaceri locale prin intermediul clusterelor \u0219i parteneriatelor.<\/li><li>\u00cembun\u0103t\u0103\u021bi\u021bi-v\u0103 marketingul digital \u0219i prezen\u021ba online.<\/li><li>Implementa\u021bi practici sustenabile cu beneficii financiare \u0219i de mediu m\u0103surabile.<\/li><\/ul><p>Acest program este un design educa\u021bional original \u0219i <strong>proprietate intelectual\u0103 a Destination-Management.co<\/strong> , livrat pe parcursul a trei zile, combin\u00e2nd teorie, exerci\u021bii practice \u0219i coaching.<\/p>\t\t\t\t\t\t\t\t<\/div>\n\t\t\t\t<\/div>\n\t\t\t\t\t<\/div>\n\t\t<\/div>\n\t\t\t\t\t<\/div>\n\t\t<\/section>\n\t\t\t\t<section class=\"elementor-section elementor-top-section elementor-element elementor-element-7a139fe5 elementor-section-height-min-height elementor-section-boxed elementor-section-height-default elementor-section-items-middle\" data-id=\"7a139fe5\" data-element_type=\"section\" data-e-type=\"section\" data-settings=\"{&quot;jet_parallax_layout_list&quot;:[{&quot;jet_parallax_layout_image&quot;:{&quot;url&quot;:&quot;&quot;,&quot;id&quot;:&quot;&quot;,&quot;size&quot;:&quot;&quot;},&quot;_id&quot;:&quot;2b90bfb&quot;,&quot;jet_parallax_layout_speed&quot;:{&quot;unit&quot;:&quot;%&quot;,&quot;size&quot;:&quot;50&quot;,&quot;sizes&quot;:[]},&quot;jet_parallax_layout_bg_x&quot;:&quot;50&quot;,&quot;jet_parallax_layout_bg_y&quot;:&quot;50&quot;,&quot;jet_parallax_layout_image_tablet&quot;:{&quot;url&quot;:&quot;&quot;,&quot;id&quot;:&quot;&quot;,&quot;size&quot;:&quot;&quot;},&quot;jet_parallax_layout_image_mobile&quot;:{&quot;url&quot;:&quot;&quot;,&quot;id&quot;:&quot;&quot;,&quot;size&quot;:&quot;&quot;},&quot;jet_parallax_layout_type&quot;:&quot;scroll&quot;,&quot;jet_parallax_layout_direction&quot;:&quot;1&quot;,&quot;jet_parallax_layout_fx_direction&quot;:null,&quot;jet_parallax_layout_z_index&quot;:&quot;&quot;,&quot;jet_parallax_layout_bg_x_tablet&quot;:&quot;&quot;,&quot;jet_parallax_layout_bg_x_mobile&quot;:&quot;&quot;,&quot;jet_parallax_layout_bg_y_tablet&quot;:&quot;&quot;,&quot;jet_parallax_layout_bg_y_mobile&quot;:&quot;&quot;,&quot;jet_parallax_layout_bg_size&quot;:&quot;auto&quot;,&quot;jet_parallax_layout_bg_size_tablet&quot;:&quot;&quot;,&quot;jet_parallax_layout_bg_size_mobile&quot;:&quot;&quot;,&quot;jet_parallax_layout_animation_prop&quot;:&quot;transform&quot;,&quot;jet_parallax_layout_on&quot;:[&quot;desktop&quot;,&quot;tablet&quot;]}],&quot;background_background&quot;:&quot;classic&quot;}\">\n\t\t\t\t\t\t<div class=\"elementor-container elementor-column-gap-no\">\n\t\t\t\t\t<div class=\"elementor-column elementor-col-100 elementor-top-column elementor-element elementor-element-4f0dd23b\" data-id=\"4f0dd23b\" data-element_type=\"column\" data-e-type=\"column\">\n\t\t\t<div class=\"elementor-widget-wrap\">\n\t\t\t\t\t\t\t<\/div>\n\t\t<\/div>\n\t\t\t\t\t<\/div>\n\t\t<\/section>\n\t\t\t\t<\/div>\n\t\t","protected":false},"excerpt":{"rendered":"<p>Seminar de formare a profesioni\u0219tilor din turism Rezumatul proiectului \u2013 Seminar de formare pentru profesioni\u0219tii din turism Titlu: \u201eManagementul modern al destina\u021biilor, oportunit\u0103\u021bi de afaceri \u0219i dezvoltare turistic\u0103 durabil\u0103\u201d Acest program cuprinz\u0103tor de formare, cu durata de 22-27 de ore, este conceput pentru profesioni\u0219tii din turism \u2014 inclusiv hotelieri, proprietari de spa\u021bii de cazare, agen\u021bi [&hellip;]<\/p>\n","protected":false},"author":1,"featured_media":2111,"parent":0,"menu_order":0,"comment_status":"closed","ping_status":"closed","template":"elementor_header_footer","meta":{"_acf_changed":false,"footnotes":""},"class_list":["post-2117","page","type-page","status-publish","has-post-thumbnail","hentry"],"acf":[],"_links":{"self":[{"href":"https:\/\/destination-management.co\/ro\/wp-json\/wp\/v2\/pages\/2117","targetHints":{"allow":["GET"]}}],"collection":[{"href":"https:\/\/destination-management.co\/ro\/wp-json\/wp\/v2\/pages"}],"about":[{"href":"https:\/\/destination-management.co\/ro\/wp-json\/wp\/v2\/types\/page"}],"author":[{"embeddable":true,"href":"https:\/\/destination-management.co\/ro\/wp-json\/wp\/v2\/users\/1"}],"replies":[{"embeddable":true,"href":"https:\/\/destination-management.co\/ro\/wp-json\/wp\/v2\/comments?post=2117"}],"version-history":[{"count":0,"href":"https:\/\/destination-management.co\/ro\/wp-json\/wp\/v2\/pages\/2117\/revisions"}],"wp:featuredmedia":[{"embeddable":true,"href":"https:\/\/destination-management.co\/ro\/wp-json\/wp\/v2\/media\/2111"}],"wp:attachment":[{"href":"https:\/\/destination-management.co\/ro\/wp-json\/wp\/v2\/media?parent=2117"}],"curies":[{"name":"wp","href":"https:\/\/api.w.org\/{rel}","templated":true}]}}